{"id":608,"date":"2025-06-27T19:29:32","date_gmt":"2025-06-27T19:29:32","guid":{"rendered":"https:\/\/insight-r.digital\/site\/?page_id=608"},"modified":"2025-06-30T22:38:32","modified_gmt":"2025-06-30T22:38:32","slug":"blog","status":"publish","type":"page","link":"https:\/\/insight-r.digital\/site\/blog\/","title":{"rendered":"Blog"},"content":{"rendered":"\t\t<div data-elementor-type=\"wp-page\" data-elementor-id=\"608\" class=\"elementor elementor-608\">\n\t\t\t\t<div class=\"elementor-element elementor-element-24c191c e-grid e-con-boxed e-con e-parent\" data-id=\"24c191c\" data-element_type=\"container\" data-settings=\"{&quot;background_background&quot;:&quot;classic&quot;}\">\n\t\t\t\t\t<div class=\"e-con-inner\">\n\t\t<div class=\"elementor-element elementor-element-5766c8b e-con-full e-flex elementor-invisible e-con e-child\" data-id=\"5766c8b\" data-element_type=\"container\" data-settings=\"{&quot;animation&quot;:&quot;fadeInLeft&quot;,&quot;background_background&quot;:&quot;classic&quot;}\">\n\t\t\t\t<div class=\"elementor-element elementor-element-db325eb elementor-widget elementor-widget-raven-advanced-posts\" data-id=\"db325eb\" data-element_type=\"widget\" data-settings=\"{&quot;load_effect&quot;:&quot;fade-in&quot;,&quot;pagination_type&quot;:&quot;infinite_load&quot;,&quot;show_sortable&quot;:&quot;yes&quot;,&quot;general_layout&quot;:&quot;grid&quot;,&quot;columns&quot;:&quot;3&quot;,&quot;columns_tablet&quot;:&quot;2&quot;,&quot;columns_mobile&quot;:&quot;1&quot;,&quot;show_all_title&quot;:&quot;yes&quot;,&quot;query_posts_per_page&quot;:6,&quot;query_offset&quot;:0}\" data-widget_type=\"raven-advanced-posts.default\">\n\t\t\t\t<div class=\"elementor-widget-container\">\n\t\t\t\t\t\t\t<div class=\"raven-posts raven-posts-grid\">\r\n\t\t\t<div class=\"raven-sortable\"><div class=\"raven-sortable-items\"><a class=\"raven-sortable-item raven-sortable-active\" data-category=\"-1\" href=\"#\">All<\/a><a class=\"raven-sortable-item\" data-category=\"8\" href=\"#\">Programa de lealtad<\/a><a class=\"raven-sortable-item\" data-category=\"13\" href=\"#\">An\u00e1lisis y Toma de Decisiones con Datos<\/a><a class=\"raven-sortable-item\" data-category=\"14\" href=\"#\">Pedidos Digitales y Canales de Venta<\/a><\/div><span class=\"raven-posts-sortable-preloader\"><\/span><\/div>\t\t\t<div class=\"advanced-posts-content content-layout-under-image raven-grid raven-grid-3 raven-grid-mobile-1 raven-grid-tablet-2  \" data-post-id=\"608\" data-archive-query=\"\">\r\n\t\t\t\t<div class=\"raven-posts-item raven-grid-item  \"><div class=\"raven-post-wrapper raven-posts-load-effect raven-post-effect-fade-in\"><div class=\"raven-post  \"><div class=\"raven-post-image-wrap\"><a class=\"raven-post-image raven-image-fit\" href=\"https:\/\/insight-r.digital\/site\/programa-de-lealtad\/menu-digital-la-alternativa-moderna-frente-al-menu-impreso\/\"> <img fetchpriority=\"high\" decoding=\"async\" width=\"1024\" height=\"683\" src=\"https:\/\/insight-r.digital\/site\/wp-content\/uploads\/2025\/07\/cliente-ordenando-hamburguesa-app-lealtad-1024x683.png\" class=\"attachment-large size-large wp-image-1181\" alt=\"Cliente visualizando hamburguesa en app con puntos acumulados\" srcset=\"https:\/\/insight-r.digital\/site\/wp-content\/uploads\/2025\/07\/cliente-ordenando-hamburguesa-app-lealtad-1024x683.png 1024w, https:\/\/insight-r.digital\/site\/wp-content\/uploads\/2025\/07\/cliente-ordenando-hamburguesa-app-lealtad-300x200.png 300w, https:\/\/insight-r.digital\/site\/wp-content\/uploads\/2025\/07\/cliente-ordenando-hamburguesa-app-lealtad-768x512.png 768w, https:\/\/insight-r.digital\/site\/wp-content\/uploads\/2025\/07\/cliente-ordenando-hamburguesa-app-lealtad-1536x1024.png 1536w, https:\/\/insight-r.digital\/site\/wp-content\/uploads\/2025\/07\/cliente-ordenando-hamburguesa-app-lealtad.png 1800w\" sizes=\"(max-width: 1024px) 100vw, 1024px\" \/><span class=\"raven-post-image-overlay\"><\/span><\/a><\/div><div class=\"raven-post-content\"><h3 class=\"raven-post-title\"><a class=\"raven-post-title-link\" href=\"https:\/\/insight-r.digital\/site\/programa-de-lealtad\/menu-digital-la-alternativa-moderna-frente-al-menu-impreso\/\">Men\u00fa digital: la alternativa moderna frente al men\u00fa impreso<\/a><\/h3><div class=\"raven-post-excerpt\">Elegir entre un men\u00fa digital o impreso ya no es solo una cuesti\u00f3n de estilo: es una decisi\u00f3n<\/div><div class=\"raven-post-author-spotlight\"><a href=\"https:\/\/insight-r.digital\/site\/author\/jessica\/\"><img decoding=\"async\" src=\"https:\/\/secure.gravatar.com\/avatar\/0d497721f5d7e9d13bc510b2486012b2999a9b56ce4bd29efdf67c55076e1081?s=256&amp;d=mm&amp;r=g\" title=\"Jessica\" alt=\"Jessica\">By Jessica<\/a><\/div><\/div><\/div><\/div><\/div><div class=\"raven-posts-item raven-grid-item  \"><div class=\"raven-post-wrapper raven-posts-load-effect raven-post-effect-fade-in\"><div class=\"raven-post  \"><div class=\"raven-post-image-wrap\"><a class=\"raven-post-image raven-image-fit\" href=\"https:\/\/insight-r.digital\/site\/programa-de-lealtad\/guia-rapida-para-disenar-un-programa-de-lealtad-exitoso\/\"> <img decoding=\"async\" width=\"1024\" height=\"683\" src=\"https:\/\/insight-r.digital\/site\/wp-content\/uploads\/2025\/07\/experiencia-cliente-feliz-1024x683.png\" class=\"attachment-large size-large wp-image-1136\" alt=\"Persona dibujando una cara feliz en pantalla transparente\" srcset=\"https:\/\/insight-r.digital\/site\/wp-content\/uploads\/2025\/07\/experiencia-cliente-feliz-1024x683.png 1024w, https:\/\/insight-r.digital\/site\/wp-content\/uploads\/2025\/07\/experiencia-cliente-feliz-300x200.png 300w, https:\/\/insight-r.digital\/site\/wp-content\/uploads\/2025\/07\/experiencia-cliente-feliz-768x512.png 768w, https:\/\/insight-r.digital\/site\/wp-content\/uploads\/2025\/07\/experiencia-cliente-feliz-1536x1024.png 1536w, https:\/\/insight-r.digital\/site\/wp-content\/uploads\/2025\/07\/experiencia-cliente-feliz.png 1800w\" sizes=\"(max-width: 1024px) 100vw, 1024px\" \/><span class=\"raven-post-image-overlay\"><\/span><\/a><\/div><div class=\"raven-post-content\"><h3 class=\"raven-post-title\"><a class=\"raven-post-title-link\" href=\"https:\/\/insight-r.digital\/site\/programa-de-lealtad\/guia-rapida-para-disenar-un-programa-de-lealtad-exitoso\/\">Gu\u00eda r\u00e1pida para dise\u00f1ar un programa de lealtad exitoso<\/a><\/h3><div class=\"raven-post-excerpt\">En un mercado donde los clientes tienen m\u00e1s opciones que nunca, un programa de lealtad bien dise\u00f1ado puede<\/div><div class=\"raven-post-author-spotlight\"><a href=\"https:\/\/insight-r.digital\/site\/author\/jessica\/\"><img decoding=\"async\" src=\"https:\/\/secure.gravatar.com\/avatar\/0d497721f5d7e9d13bc510b2486012b2999a9b56ce4bd29efdf67c55076e1081?s=256&amp;d=mm&amp;r=g\" title=\"Jessica\" alt=\"Jessica\">By Jessica<\/a><\/div><\/div><\/div><\/div><\/div><div class=\"raven-posts-item raven-grid-item  \"><div class=\"raven-post-wrapper raven-posts-load-effect raven-post-effect-fade-in\"><div class=\"raven-post  \"><div class=\"raven-post-image-wrap\"><a class=\"raven-post-image raven-image-fit\" href=\"https:\/\/insight-r.digital\/site\/analisis-datos-toma-decisiones\/ventas-y-comunicacion-transforma-tu-negocio-con-ia\/\"> <img decoding=\"async\" width=\"609\" height=\"406\" src=\"https:\/\/insight-r.digital\/site\/wp-content\/uploads\/2025\/06\/analisis-toma-de-decisiones.png\" class=\"attachment-large size-large wp-image-382\" alt=\"\" srcset=\"https:\/\/insight-r.digital\/site\/wp-content\/uploads\/2025\/06\/analisis-toma-de-decisiones.png 609w, https:\/\/insight-r.digital\/site\/wp-content\/uploads\/2025\/06\/analisis-toma-de-decisiones-300x200.png 300w\" sizes=\"(max-width: 609px) 100vw, 609px\" \/><span class=\"raven-post-image-overlay\"><\/span><\/a><\/div><div class=\"raven-post-content\"><h3 class=\"raven-post-title\"><a class=\"raven-post-title-link\" href=\"https:\/\/insight-r.digital\/site\/analisis-datos-toma-decisiones\/ventas-y-comunicacion-transforma-tu-negocio-con-ia\/\">Ventas y comunicaci\u00f3n: transforma tu negocio con IA<\/a><\/h3><div class=\"raven-post-excerpt\">Clave para Negocios de Cafeter\u00edas, Restaurantes y Tiendas La inteligencia artificial (IA) est\u00e1 redefiniendo la experiencia de venta<\/div><div class=\"raven-post-author-spotlight\"><a href=\"https:\/\/insight-r.digital\/site\/author\/jessica\/\"><img decoding=\"async\" src=\"https:\/\/secure.gravatar.com\/avatar\/0d497721f5d7e9d13bc510b2486012b2999a9b56ce4bd29efdf67c55076e1081?s=256&amp;d=mm&amp;r=g\" title=\"Jessica\" alt=\"Jessica\">By Jessica<\/a><\/div><\/div><\/div><\/div><\/div><div class=\"raven-posts-item raven-grid-item  \"><div class=\"raven-post-wrapper raven-posts-load-effect raven-post-effect-fade-in\"><div class=\"raven-post  \"><div class=\"raven-post-image-wrap\"><a class=\"raven-post-image raven-image-fit\" href=\"https:\/\/insight-r.digital\/site\/pedidos-digitales-canales-venta\/como-un-kiosco-transforma-la-experiencia-de-tus-clientes\/\"> <img loading=\"lazy\" decoding=\"async\" width=\"1024\" height=\"683\" src=\"https:\/\/insight-r.digital\/site\/wp-content\/uploads\/2025\/07\/cliente-kiosco-digital-restaurante-pagar-con-puntos-1024x683.png\" class=\"attachment-large size-large wp-image-1107\" alt=\"Mujer usando un kiosco digital para pagar su orden con puntos en un restaurante\" srcset=\"https:\/\/insight-r.digital\/site\/wp-content\/uploads\/2025\/07\/cliente-kiosco-digital-restaurante-pagar-con-puntos-1024x683.png 1024w, https:\/\/insight-r.digital\/site\/wp-content\/uploads\/2025\/07\/cliente-kiosco-digital-restaurante-pagar-con-puntos-300x200.png 300w, https:\/\/insight-r.digital\/site\/wp-content\/uploads\/2025\/07\/cliente-kiosco-digital-restaurante-pagar-con-puntos-768x512.png 768w, https:\/\/insight-r.digital\/site\/wp-content\/uploads\/2025\/07\/cliente-kiosco-digital-restaurante-pagar-con-puntos-1536x1024.png 1536w, https:\/\/insight-r.digital\/site\/wp-content\/uploads\/2025\/07\/cliente-kiosco-digital-restaurante-pagar-con-puntos.png 1800w\" sizes=\"(max-width: 1024px) 100vw, 1024px\" \/><span class=\"raven-post-image-overlay\"><\/span><\/a><\/div><div class=\"raven-post-content\"><h3 class=\"raven-post-title\"><a class=\"raven-post-title-link\" href=\"https:\/\/insight-r.digital\/site\/pedidos-digitales-canales-venta\/como-un-kiosco-transforma-la-experiencia-de-tus-clientes\/\">C\u00f3mo un kiosco transforma la experiencia de tus clientes<\/a><\/h3><div class=\"raven-post-excerpt\">Los kioscos de autoservicio se han convertido en una herramienta clave para los negocios que buscan crecer sin<\/div><div class=\"raven-post-author-spotlight\"><a href=\"https:\/\/insight-r.digital\/site\/author\/jessica\/\"><img decoding=\"async\" src=\"https:\/\/secure.gravatar.com\/avatar\/0d497721f5d7e9d13bc510b2486012b2999a9b56ce4bd29efdf67c55076e1081?s=256&amp;d=mm&amp;r=g\" title=\"Jessica\" alt=\"Jessica\">By Jessica<\/a><\/div><\/div><\/div><\/div><\/div><div class=\"raven-posts-item raven-grid-item  \"><div class=\"raven-post-wrapper raven-posts-load-effect raven-post-effect-fade-in\"><div class=\"raven-post  \"><div class=\"raven-post-image-wrap\"><a class=\"raven-post-image raven-image-fit\" href=\"https:\/\/insight-r.digital\/site\/pedidos-digitales-canales-venta\/como-unificar-ventas-online-para-aumentar-ingresos\/\"> <img loading=\"lazy\" decoding=\"async\" width=\"1024\" height=\"559\" src=\"https:\/\/insight-r.digital\/site\/wp-content\/uploads\/2025\/08\/como-mantener-clientes-fieles-y-vender-mas.jpg\" class=\"attachment-large size-large wp-image-1328\" alt=\"Mujer con delantal revisando datos en una laptop y libreta, preocupada por la gesti\u00f3n de su negocio.\" srcset=\"https:\/\/insight-r.digital\/site\/wp-content\/uploads\/2025\/08\/como-mantener-clientes-fieles-y-vender-mas.jpg 1024w, https:\/\/insight-r.digital\/site\/wp-content\/uploads\/2025\/08\/como-mantener-clientes-fieles-y-vender-mas-300x164.jpg 300w, https:\/\/insight-r.digital\/site\/wp-content\/uploads\/2025\/08\/como-mantener-clientes-fieles-y-vender-mas-768x419.jpg 768w\" sizes=\"(max-width: 1024px) 100vw, 1024px\" \/><span class=\"raven-post-image-overlay\"><\/span><\/a><\/div><div class=\"raven-post-content\"><h3 class=\"raven-post-title\"><a class=\"raven-post-title-link\" href=\"https:\/\/insight-r.digital\/site\/pedidos-digitales-canales-venta\/como-unificar-ventas-online-para-aumentar-ingresos\/\">C\u00f3mo unificar ventas online para aumentar ingresos<\/a><\/h3><div class=\"raven-post-excerpt\">Si tu mostrador, tu web, tu app y las plataformas de reparto trabajan por separado, est\u00e1s dejando ventas en la mesa. Este art\u00edculo explica, con ejemplos claros y pr\u00e1cticas sencillas, c\u00f3mo unificar tus canales para vender m\u00e1s, elevar el ticket y retener clientes usando datos en tiempo real.<\/div><div class=\"raven-post-author-spotlight\"><a href=\"https:\/\/insight-r.digital\/site\/author\/alejandro\/\"><img decoding=\"async\" src=\"https:\/\/secure.gravatar.com\/avatar\/7a5d7519a47e9d6a77920e822f1073ee774c04695f61f2a12f4367705ea5c7ff?s=256&amp;d=mm&amp;r=g\" title=\"Alejandro Molina\" alt=\"Alejandro Molina\">By Alejandro Molina<\/a><\/div><\/div><\/div><\/div><\/div><div class=\"raven-posts-item raven-grid-item  \"><div class=\"raven-post-wrapper raven-posts-load-effect raven-post-effect-fade-in\"><div class=\"raven-post  \"><div class=\"raven-post-image-wrap\"><a class=\"raven-post-image raven-image-fit\" href=\"https:\/\/insight-r.digital\/site\/programa-de-lealtad\/como-conseguir-recomendaciones-de-clientes-sin-pedirlas\/\"> <img loading=\"lazy\" decoding=\"async\" width=\"1024\" height=\"576\" src=\"https:\/\/insight-r.digital\/site\/wp-content\/uploads\/2025\/07\/mujer-sonriendo-app-lealtad-smartphone-1024x576.png\" class=\"attachment-large size-large wp-image-1103\" alt=\"Mujer joven usando su celular con una sonrisa mientras camina por la ciudad al atardecer\" srcset=\"https:\/\/insight-r.digital\/site\/wp-content\/uploads\/2025\/07\/mujer-sonriendo-app-lealtad-smartphone-1024x576.png 1024w, https:\/\/insight-r.digital\/site\/wp-content\/uploads\/2025\/07\/mujer-sonriendo-app-lealtad-smartphone-300x169.png 300w, https:\/\/insight-r.digital\/site\/wp-content\/uploads\/2025\/07\/mujer-sonriendo-app-lealtad-smartphone-768x432.png 768w, https:\/\/insight-r.digital\/site\/wp-content\/uploads\/2025\/07\/mujer-sonriendo-app-lealtad-smartphone-1536x864.png 1536w, https:\/\/insight-r.digital\/site\/wp-content\/uploads\/2025\/07\/mujer-sonriendo-app-lealtad-smartphone.png 1920w\" sizes=\"(max-width: 1024px) 100vw, 1024px\" \/><span class=\"raven-post-image-overlay\"><\/span><\/a><\/div><div class=\"raven-post-content\"><h3 class=\"raven-post-title\"><a class=\"raven-post-title-link\" href=\"https:\/\/insight-r.digital\/site\/programa-de-lealtad\/como-conseguir-recomendaciones-de-clientes-sin-pedirlas\/\">C\u00f3mo conseguir recomendaciones de clientes sin pedirlas<\/a><\/h3><div class=\"raven-post-excerpt\">Aprende c\u00f3mo convertir recomendaciones espont\u00e1neas en crecimiento real para tu negocio. Descubre por qu\u00e9 el \u201cboca a boca\u201d no basta y c\u00f3mo la tecnolog\u00eda puede ayudarte a fidelizar y vender m\u00e1s.<\/div><div class=\"raven-post-author-spotlight\"><a href=\"https:\/\/insight-r.digital\/site\/author\/jessica\/\"><img decoding=\"async\" src=\"https:\/\/secure.gravatar.com\/avatar\/0d497721f5d7e9d13bc510b2486012b2999a9b56ce4bd29efdf67c55076e1081?s=256&amp;d=mm&amp;r=g\" title=\"Jessica\" alt=\"Jessica\">By Jessica<\/a><\/div><\/div><\/div><\/div><\/div>\t\t\t<\/div>\r\n\t\t\t<span class=\"raven-infinite-load\"><\/span>\t\t<\/div>\r\n\t\t\t\t\t\t<\/div>\n\t\t\t\t<\/div>\n\t\t\t\t<\/div>\n\t\t\t\t\t<\/div>\n\t\t\t\t<\/div>\n\t\t\t\t<\/div>\n\t\t","protected":false},"excerpt":{"rendered":"<p>AllPrograma de lealtad Tipos de programas de lealtad: puntos, niveles, punch cards y m\u00e1s En un entorno donde los clientes tienen m\u00e1s opciones que nunca, fidelizar se ha convertido en una prioridadBy Alejandro Molina \u00bfQu\u00e9 es un programa de lealtad y por qu\u00e9 es crucial para tu negocio hoy? En un mercado cada vez m\u00e1s [&hellip;]<\/p>\n","protected":false},"author":1,"featured_media":0,"parent":0,"menu_order":0,"comment_status":"closed","ping_status":"closed","template":"elementor_header_footer","meta":{"_acf_changed":false,"_joinchat":[],"footnotes":""},"class_list":["post-608","page","type-page","status-publish","hentry"],"acf":[],"aioseo_notices":[],"_links":{"self":[{"href":"https:\/\/insight-r.digital\/site\/wp-json\/wp\/v2\/pages\/608","targetHints":{"allow":["GET"]}}],"collection":[{"href":"https:\/\/insight-r.digital\/site\/wp-json\/wp\/v2\/pages"}],"about":[{"href":"https:\/\/insight-r.digital\/site\/wp-json\/wp\/v2\/types\/page"}],"author":[{"embeddable":true,"href":"https:\/\/insight-r.digital\/site\/wp-json\/wp\/v2\/users\/1"}],"replies":[{"embeddable":true,"href":"https:\/\/insight-r.digital\/site\/wp-json\/wp\/v2\/comments?post=608"}],"version-history":[{"count":16,"href":"https:\/\/insight-r.digital\/site\/wp-json\/wp\/v2\/pages\/608\/revisions"}],"predecessor-version":[{"id":776,"href":"https:\/\/insight-r.digital\/site\/wp-json\/wp\/v2\/pages\/608\/revisions\/776"}],"wp:attachment":[{"href":"https:\/\/insight-r.digital\/site\/wp-json\/wp\/v2\/media?parent=608"}],"curies":[{"name":"wp","href":"https:\/\/api.w.org\/{rel}","templated":true}]}}